{"id":54,"date":"2024-02-08T03:37:55","date_gmt":"2024-02-08T03:37:55","guid":{"rendered":"https:\/\/site.uvm.edu\/dasFeld\/?page_id=54"},"modified":"2024-05-06T01:35:23","modified_gmt":"2024-05-06T01:35:23","slug":"references","status":"publish","type":"page","link":"https:\/\/site.uvm.edu\/dasFeld\/?page_id=54","title":{"rendered":"References &amp; Credits"},"content":{"rendered":"\n<p>The exhibition portion of this project was a collaborative creative process and many components were co-created with multiple contributors. Interview participants, contributing team members, and a full list of research references can be found here.  <\/p>\n\n\n\n<p class=\"has-large-font-size\">Interview Participants<\/p>\n\n\n\n<p>Kristin Hensel leads Communications and Publicity for <a href=\"https:\/\/www.allmende-kontor.de\/der-verein\/\">Allmende-Kontor e.V.<\/a> She lives in Berlin and visits Tempelhof Field frequently to work and to tend to her garden bed.&nbsp;&nbsp;<\/p>\n\n\n\n<p>Interview:<em> Kristin Hensel, Zoom interview with Clara Feldman, November 11, 2023.&nbsp;<\/em><\/p>\n\n\n\n<p>Juan Coka Arcos is the first chairperson to the board of <a href=\"https:\/\/www.allmende-kontor.de\/der-verein\/\">Allmende-Kontor e.V.<\/a> He lives in Berlin and visits Tempelhof Field frequently to work and keep bees in the garden.&nbsp;<\/p>\n\n\n\n<p>Interview:<em> Juan Coka Arcos, Zoom interview with Clara Feldman, November 16, 2023.<\/em><\/p>\n\n\n\n<p>Dr. Ren\u00e9 Kreichauf is a researcher and professor of urban studies from Berlin, Germany. His focus is housing, migration, and diversity policy and planning.&nbsp;<\/p>\n\n\n\n<p>Interview:<em> Ren\u00e9 Kreichauf, Microsoft Teams interview with Clara Feldman, December 5, 2023.&nbsp;<\/em><\/p>\n\n\n\n<div style=\"height:29px\" aria-hidden=\"true\" class=\"wp-block-spacer\"><\/div>\n\n\n\n<p class=\"has-large-font-size\">Contributors<\/p>\n\n\n\n<p>Kira Corasanti is a videographer and filmmaker at the University of Vermont. Kira co-produced the audio-visual components of the museum exhibit, and led behind-the-scenes for the development and experience content. <\/p>\n\n\n\n<p>Maia Eskenazi is an artist and student at the University of Vermont, whose paintings are featured in the exhibit and its central posters.&nbsp;<\/p>\n\n\n\n<p>Myles Jewell and Alexandra Morrow are filmmakers and educators in Burlington, Vermont. Myles and Alexandra contributed their mentorship, camera and audio equipment, and production assistance throughout the project.&nbsp;&nbsp;&nbsp;<\/p>\n\n\n\n<p>Suzy Zaner is the Preparator at the Fleming Museum. Suzy generously donated exhibition materials to the project and supported its development.&nbsp;<\/p>\n\n\n\n<div style=\"height:29px\" aria-hidden=\"true\" class=\"wp-block-spacer\"><\/div>\n\n\n\n<p class=\"has-large-font-size\">References <\/p>\n\n\n\n<p>\u201cAbout Tempelhofer Feld &#8211; Berlin\u2019s Largest Open Space.\u201d www.tempelhoferfeld.de, n.d. <a href=\"https:\/\/www.tempelhoferfeld.de\/en\/pflege-entwicklung\/about-tempelhofer-feld\/\">https:\/\/www.tempelhoferfeld.de\/en\/pflege-entwicklung\/about-tempelhofer-feld\/<\/a>.&nbsp;<\/p>\n\n\n\n<p>\u201cActivation of an urban open space through citizen participation.\u201d Urban Sustainability Exchange, n.d. <a href=\"https:\/\/use.metropolis.org\/case-studies\/germany-berlin-tempelhofer-freiheit-urban-open-space\">https:\/\/use.metropolis.org\/case-studies\/germany-berlin-tempelhofer-freiheit-urban-open-space<\/a>&nbsp;<\/p>\n\n\n\n<p>Allmende Kontor E.V., n.d. <a href=\"https:\/\/www.allmende-kontor.de\/\">https:\/\/www.allmende-kontor.de\/<\/a>.&nbsp;&nbsp;<\/p>\n\n\n\n<p>Allmende-Kontor e.V. &#8220;Satzung des Gemeinschaftsgartens Allmende-Kontor.&#8221; Berlin. December, 2016.<\/p>\n\n\n\n<p>\u201cAllmende-Kontor Community Garden on Tempelhofer Feld.\u201d www.tempelhoferfeld.de, n.d. <a href=\"https:\/\/www.tempelhoferfeld.de\/en\/discoveries-experiences\/civic-engagement-projects\/community-garden-allmende-kontor\/\">https:\/\/www.tempelhoferfeld.de\/en\/discoveries-experiences\/civic-engagement-projects\/community-garden-allmende-kontor\/<\/a>.&nbsp;&nbsp;<\/p>\n\n\n\n<p>Arneson, Krystin. \u201cTempelhof: The Single Site That Embodies Berlin.\u201d <em>BBC News<\/em>, November 2, 2022. <a href=\"https:\/\/www.bbc.com\/travel\/article\/20221031-tempelhof-the-single-site-that-embodies-berlin\">https:\/\/www.bbc.com\/travel\/article\/20221031-tempelhof-the-single-site-that-embodies-berlin<\/a>.&nbsp;<\/p>\n\n\n\n<p>Assatzk, Mirko. 2012. \u201cDie milit\u00e4rische Nutzung des Tempelhofer Feldes unter der nationalsozialistischen Herrschaft.\u201d In <em>Kein Ort der Freiheit \u2013 Das Tempelhofer Feld 1933\u2013 1945: Konzentrationslager \u2013 Luftwaffenst\u00fctzpunkt \u2013 R\u00fcstungszentrum<\/em>, edited by Berliner Geschichtswerkstatt e.V., 11 \u2013 19. Berlin: Bunter Hund.<\/p>\n\n\n\n<p>Bagaeen, Samer Ghaleb. &#8220;Redeveloping Former Military Sites: Competitiveness, Urban Sustainability and Public Participation.&#8221; <em>Cities<\/em> 23, no. 5 (2006): 339\u2013352. doi:10.1016\/j.cities.2006.05.002.<\/p>\n\n\n\n<p>Berlin Senate Department for the Environment, Transport and Climate Protection. &#8220;The State-Directed Development of Urban Green Space in Berlin until 1870&#8221; n.d. <a href=\"https:\/\/www.berlin.de\/sen\/uvk\/en\/nature-and-green\/urban-green-space\/history\/urban-green-space\/to-1870\/ &nbsp;\">https:\/\/www.berlin.de\/sen\/uvk\/en\/nature-and-green\/urban-green-space\/history\/urban-green-space\/to-1870\/ &nbsp;<\/a><\/p>\n\n\n\n<p>Berlin Senate Department for the Environment, Transport and Climate Protection. &#8220;The Municipal Development of Urban Green Space, 1870 to 1920&#8221; n.d. <a href=\"https:\/\/www.berlin.de\/sen\/uvk\/en\/nature-and-green\/urban-green-space\/history\/urban-green-space\/1870-to-1920\/&nbsp;\">https:\/\/www.berlin.de\/sen\/uvk\/en\/nature-and-green\/urban-green-space\/history\/urban-green-space\/1870-to-1920\/&nbsp;<\/a><\/p>\n\n\n\n<p>Berlin Senate Department for the Environment, Transport and Climate Protection. &#8220;Municipal Development of Urban Green Space, 1920 to 1948&#8221; n.d. <a href=\"https:\/\/www.berlin.de\/sen\/uvk\/en\/nature-and-green\/urban-green-space\/history\/urban-green-space\/1920-to-1948\/&nbsp;\">https:\/\/www.berlin.de\/sen\/uvk\/en\/nature-and-green\/urban-green-space\/history\/urban-green-space\/1920-to-1948\/&nbsp;<\/a><\/p>\n\n\n\n<p>Berlin Senate Department for the Environment, Transport and Climate Protection. &#8220;Development of Urban Green Space in East Berlin, 1948 to 1990&#8221; n.d. <a href=\"https:\/\/www.berlin.de\/sen\/uvk\/en\/nature-and-green\/urban-green-space\/history\/urban-green-space\/east-berlin-1948-to-1990\/\">https:\/\/www.berlin.de\/sen\/uvk\/en\/nature-and-green\/urban-green-space\/history\/urban-green-space\/east-berlin-1948-to-1990\/<\/a>&nbsp;<\/p>\n\n\n\n<p>Berlin Senate Department for the Environment, Transport and Climate Protection. &#8220;Development of Urban Green Space in West Berlin, 1948 to 1990&#8221; n.d. <a href=\"https:\/\/www.berlin.de\/sen\/uvk\/en\/nature-and-green\/urban-green-space\/history\/urban-green-space\/west-berlin-1948-to-1990\/\">https:\/\/www.berlin.de\/sen\/uvk\/en\/nature-and-green\/urban-green-space\/history\/urban-green-space\/west-berlin-1948-to-1990\/<\/a>&nbsp;<\/p>\n\n\n\n<p>Berlin Senate Department for the Environment, Transport and Climate Protection. &#8220;Development of Urban Green Space in United Berlin since 1990&#8221; n.d. <a href=\"https:\/\/www.berlin.de\/sen\/uvk\/en\/nature-and-green\/urban-green-space\/history\/urban-green-space\/united-berlin-since-1990\/\">https:\/\/www.berlin.de\/sen\/uvk\/en\/nature-and-green\/urban-green-space\/history\/urban-green-space\/united-berlin-since-1990\/<\/a>&nbsp;<\/p>\n\n\n\n<p>Beveridge, Ross, Markus Kip, and Heike Oevermann. &#8220;From Wastelands to Waiting Lands: Retrieving Possibility from the Voids of Berlin.&#8221; <em>City<\/em> 26, no. 2\/3 (2022): 281\u2013303. doi:10.1080\/13604813.2022.2040200.<\/p>\n\n\n\n<p>Bhimji, Fazila. \u201cAsylum Seekers Struggle to Recover the Everyday: The Extended \u2018Emergency Shelter\u2019 at Tempelhofer Feld as a Site of Continuous Crisis.\u201d <em>Sociologus<\/em> 69, no. 2 (2019): 105\u201325. <a href=\"http:\/\/www.jstor.org\/stable\/45219057\">http:\/\/www.jstor.org\/stable\/45219057<\/a>.<\/p>\n\n\n\n<p>Bommers, Lara. \u201cBerlin\u2019s Controversial Humboldt Forum Is Finally Complete-but \u2018the Work inside Begins Now\u2019, German Culture Minister Says.\u201d <em>The Art Newspaper &#8211; International art news and events<\/em>, September 19, 2022. <a href=\"https:\/\/www.theartnewspaper.com\/2022\/09\/19\/berlins-controversial-humboldt-forum-is-finally-complete\">https:\/\/www.theartnewspaper.com\/2022\/09\/19\/berlins-controversial-humboldt-forum-is-finally-complete<\/a>.&nbsp;<\/p>\n\n\n\n<p>Brenck et al. &#8220;Gesellschaftliche Wertigkeit des Tempelhofer Feldes \u2013 Qualit\u00e4ten erfassen und sichtbar machen.&#8221; Helmholtz-Zentrum f\u00fcr Umweltforschung GmbH \u2013 UFZ, November 2021.&nbsp;&nbsp;&nbsp;<\/p>\n\n\n\n<p>Carpenter, M. &#8220;From \u2018healthful exercise\u2019 to \u2018nature on prescription\u2019: The Politics of Urban Green Spaces and Walking for Health.&#8221; <em>Landscape and Urban Planning<\/em> 118 (2013): 120\u2013127. doi:10.1016\/j.landurbplan.2013.02.009.<\/p>\n\n\n\n<p>Coppi, Hans. 2012. \u201cF\u00fcr einen Gedenk- und Lernort auf dem Tempelhofer Feld: Erinnerung an Propaganda, Terror und milit\u00e4rische Mobilmachung.\u201d In <em>Kein Ort der Freiheit \u2013 Das Tempelhofer Feld 1933\u2013 1945: Konzentrationslager \u2013 Luftwaffenst\u00fctzpunkt \u2013 R\u00fcstungszentrum<\/em>, edited by Berliner Geschichtswerkstatt e.V., 7 \u2013 9. Berlin: Bunter Hund.<\/p>\n\n\n\n<p>De la Barrera, Francisco, Sonia Reyes-Paecke, Jordan Harris, Daniela Bascu\u00f1\u00e1n, and Jos\u00e9 Far\u00edas. &#8220;People&#8217;s Perception Influences on the Use of Green Spaces in Socio-economically Differentiated Neighborhoods.&#8221; <em>Urban Forestry &amp; Urban Greening<\/em> 20 (2016): 254-264. doi:10.1016\/j.ufug.2016.09.007.<\/p>\n\n\n\n<p>Edward W. Soja, Thirdspace: Journeys to Los Angeles and Other Real-and-Imagined Places Wiley-Blackwell, 1996.\u00a0<\/p>\n\n\n\n<p>Fahey, Ciar\u00e1n. \u201cHow Berliners Refused to Give Tempelhof Airport over to Developers.\u201d <em>The Guardian<\/em>, March 5, 2015. <a href=\"https:\/\/www.theguardian.com\/cities\/2015\/mar\/05\/how-berliners-refused-to-give-tempelhof-airport-over-to-developers\">https:\/\/www.theguardian.com\/cities\/2015\/mar\/05\/how-berliners-refused-to-give-tempelhof-airport-over-to-developers<\/a>.<\/p>\n\n\n\n<p>\u201cFeld in Gefahr &#8211; Was Kann Ich Tun?\u201d 100% Tempelhofer Feld, n.d. <a href=\"https:\/\/www.thf100.de\/index\/articles\/feld-in-gefahr-was-kann-ich-tun.html\">https:\/\/www.thf100.de\/index\/articles\/feld-in-gefahr-was-kann-ich-tun.html<\/a>.&nbsp;&nbsp;<\/p>\n\n\n\n<p>Friedrich-Naumann-Stiftung f\u00fcr die Freiheit. YouTube video, 1:20:35. Posted by Friedrich-Naumann-Stiftung f\u00fcr die Freiheit, February 2, 2023. <a href=\"https:\/\/www.youtube.com\/watch?v=rmy-Rg6vRA4\">https:\/\/www.youtube.com\/watch?v=rmy-Rg6vRA4<\/a>.<\/p>\n\n\n\n<p>Genske, D., and S. Hauser. <em>Die Brache als Chance: Ein transdisziplin\u00e4rer Dialog \u00fcber verbrauchte Fl\u00e4chen<\/em>. Berlin: Springer Verlag, 2003.<\/p>\n\n\n\n<p>Genz, Carolin. &#8220;The Wide Field of Participation: An Essay on the Struggle for Citizen Participation and the Future of the Tempelhof Field.&#8221; <em>Journal of Urban Life<\/em>, 2015.<\/p>\n\n\n\n<p><em>Gesetz zum Erhalt des Tempelhofer Feldes<\/em> (ThF-Gesetz), June 14, 2014.&nbsp;&nbsp;&nbsp;<\/p>\n\n\n\n<p>Hackenbruch, Felix, and Anna Thewalt. \u201cKoalitionsverhandlungen in Berlin: Cdu Und SPD Einigen Sich Auf Randbebauung Am Tempelhofer Feld.\u201d Aktuelle News: Nachrichten aus Berlin und der Welt, March 24, 2023. <a href=\"https:\/\/www.tagesspiegel.de\/berlin\/koalitionsverhandlungen-in-berlin-cdu-und-spd-einigen-sich-auf-randbebauung-von-tempelhofer-feld-9556895.html\">https:\/\/www.tagesspiegel.de\/berlin\/koalitionsverhandlungen-in-berlin-cdu-und-spd-einigen-sich-auf-randbebauung-von-tempelhofer-feld-9556895.html<\/a>.&nbsp;<\/p>\n\n\n\n<p>Harrison, Anne-Marie. \u201cWhy Does Berlin Keep Trying to Build Housing on Tempelhofer Feld?\u201d *The Berliner*, November 9, 2023. <a href=\"https:\/\/www.exberliner.com\/politics\/berlin-housing-crisis-referendum-refugee-building-on-tempelhofer-feld\/\">https:\/\/www.exberliner.com\/politics\/berlin-housing-crisis-referendum-refugee-building-on-tempelhofer-feld\/<\/a>.&nbsp;<\/p>\n\n\n\n<p>Hay, Iain, and Meghan Cope, eds. <em>Qualitative Research Methods in Human Geography<\/em>. 5th ed. S.l.: Oxford University Press, 2021.<\/p>\n\n\n\n<p>Hager, Carol. &#8220;Three Decades of Protest in Berlin Land-Use Planning, 1975-2005.&#8221; <em>German Studies Review<\/em> 30, no. 1 (2007): 55\u201374.<\/p>\n\n\n\n<p>H\u00f6lzl, S. E., M. Veskov, T. Scheibner, T. T. Le, and B. Kleinschmit. &#8220;Vulnerable Socioeconomic Groups Are Disproportionately Exposed to Multiple Environmental Burdens in Berlin &#8211; Implications for Planning.&#8221; <em>International Journal of Urban Sustainable Development<\/em> 13, no. 2 (2021): 334\u2013350. <a href=\"https:\/\/doi-org.ezproxy.uvm.edu\/10.1080\/19463138.2021.1904246\">https:\/\/doi-org.ezproxy.uvm.edu\/10.1080\/19463138.2021.1904246<\/a>.<\/p>\n\n\n\n<p>Holleran, Samuel. &#8220;From Graves to Gardens: Berlin\u2019s Changing Cemeteries.&#8221; <em>City<\/em> 27, no. 1\/2 (2023): 247\u2013261. doi:10.1080\/13604813.2023.2173401.<\/p>\n\n\n\n<p>Hwang, S. W., and Lee, S. J. &#8220;Unused, underused, and misused: An Examination of Theories on Urban Void Spaces.&#8221; Urban Research &amp; Practice 13, no. 5 (2020): 540\u2013556. <a href=\"https:\/\/doi-org.ezproxy.uvm.edu\/10.1080\/17535069.2019.1634140\">https:\/\/doi-org.ezproxy.uvm.edu\/10.1080\/17535069.2019.1634140<\/a>&nbsp;<\/p>\n\n\n\n<p>Hohenstein, Jill, and Theano Moussouri. <em>Museum Learning: Theory and Research as Tools for Enhancing Practice<\/em>. London: Routledge, 2018.<\/p>\n\n\n\n<p>Kabisch, Nadja, Michael Strohbach, Dagmar Haase, and Jakub Kronenberg. &#8220;Urban Green Space Availability in European Cities.&#8221; <em>Ecological Indicators<\/em> 70 (November 2016): 586\u2013596. doi:10.1016\/j.ecolind.2016.02.029.<\/p>\n\n\n\n<p>Ko\u00e7ak, D. \u00d6. &#8220;An &#8216;Empty&#8217; Space Among Plans, Borders and Utopias: The Tempelhof Field.&#8221; <em>Moment Dergi<\/em>, Nostalgia and Melancholia, (2020): 88-106. DOI: 10.17572\/mj2020.1.88106.<\/p>\n\n\n\n<p>Lachmund, Jens. Greening berlin: The co-production of Science, Politics, and urban nature. Cambridge (Mass.): The MIT Press, 2013.&nbsp;<\/p>\n\n\n\n<p>Lopez-Pineiro, S. &#8220;A Glossary of Urban Voids.&#8221; Jovis Verlag GmbH, 2020. <a href=\"https:\/\/www.degruyter.com\/document\/isbn\/9783868596045\/html\">https:\/\/www.degruyter.com\/document\/isbn\/9783868596045\/html<\/a>.&nbsp;<\/p>\n\n\n\n<p>Louekari, Meri. &#8220;The Creative Potential of Berlin: Creating Alternative Models of Social, Economic and Cultural Organization in the Form of Network Forming and Open-Source Communities.&#8221; <em>Planning Practice &amp; Research<\/em> 21, no. 4 (2006): 463\u2013481. doi:10.1080\/02697450701296270.<\/p>\n\n\n\n<p>Lupton, Deborah. &#8220;Embodying Social Science Research \u2013 The Exhibition as a Form of Multi-Sensory Research Communication.&#8221; Impact of Social Sciences, August 23, 2023. <a href=\"https:\/\/blogs.lse.ac.uk\/impactofsocialsciences\/2023\/07\/12\/embodying-social-science-research-the-exhibition-as-a-form-of-multi-sensory-research-communication\/\">https:\/\/blogs.lse.ac.uk\/impactofsocialsciences\/2023\/07\/12\/embodying-social-science-research-the-exhibition-as-a-form-of-multi-sensory-research-communication\/<\/a>.&nbsp;<\/p>\n\n\n\n<p>Mano Velevska, M., Velevski, S., and Marina, O. &#8220;Urban Voids: A Creative Strategy and Spatial Challenge for the Cities in Transition.&#8221; In Papers from the 9th Annual Conference on European Integration: The Europe of Tomorrow: Creative, Digital, Integrated, 193\u2013216. 2014.<\/p>\n\n\n\n<p>Massey, Doreen. <em>Space, Place, and Gender<\/em>. NED-New edition. University of Minnesota Press, 1994. <a href=\"http:\/\/www.jstor.org\/stable\/10.5749\/j.cttttw2z.\">http:\/\/www.jstor.org\/stable\/10.5749\/j.cttttw2z.<\/a><\/p>\n\n\n\n<p>\u201cM.I.N.T. Green Classroom on the Tempelhofer Feld.\u201d www.tempelhoferfeld.de, n.d. <a href=\"https:\/\/www.tempelhoferfeld.de\/en\/discoveries-experiences\/civic-engagement-projects\/mint-green-classroom\/\">https:\/\/www.tempelhoferfeld.de\/en\/discoveries-experiences\/civic-engagement-projects\/mint-green-classroom\/<\/a>.&nbsp;&nbsp;<\/p>\n\n\n\n<p>Meyer, Robinson. \u201cIn the Brain, Memories Are Inextricably Tied to Place.\u201d <em>The Atlantic<\/em>, August 13, 2014. <a href=\"https:\/\/www.theatlantic.com\/technology\/archive\/2014\/08\/in-the-brain-memories-are-inextricably-tied-to-place\/375969\/.\">https:\/\/www.theatlantic.com\/technology\/archive\/2014\/08\/in-the-brain-memories-are-inextricably-tied-to-place\/375969\/.<\/a><\/p>\n\n\n\n<p>Myrrhe, Anke, and Ann-Kathrin Hipp. <em>Tempelhofer Feld der Tr\u00e4ume (I): Von kuriosen Ideen und gescheiterten Pl\u00e4nen<\/em>. Checkpoint Podcast on Spotify, March 2023, <a href=\"https:\/\/open.spotify.com\/episode\/40jFhHVUJDvhmPCWAbp9NQ.\">https:\/\/open.spotify.com\/episode\/40jFhHVUJDvhmPCWAbp9NQ.<\/a><\/p>\n\n\n\n<p>Natura Urbana: The Brachen of Berlin. Directed by Matthew Gandy. 2017. Film.<\/p>\n\n\n\n<p>Neumann, Peter. \u201cTempelhofer Feld in Gefahr: Zerst\u00f6ren Die Berliner Jetzt Den N\u00e4chsten Schatz?\u201d <em>Berliner Zeitung<\/em>, March 31, 2023. <a href=\"https:\/\/www.berliner-zeitung.de\/mensch-metropole\/tempelhofer-feld-in-gefahr-zerstoeren-die-berliner-jetzt-den-naechsten-schatz-li.333193\">https:\/\/www.berliner-zeitung.de\/mensch-metropole\/tempelhofer-feld-in-gefahr-zerstoeren-die-berliner-jetzt-den-naechsten-schatz-li.333193<\/a>.<\/p>\n\n\n\n<p>Novy, K., and Zwoch, F., eds. <em>Nachdenken \u00fcber St\u00e4dtebau<\/em>. Braunschweig: Birkh\u00e4user Verlag, 2016.<\/p>\n\n\n\n<p>Parsloe, Toby. 2017. &#8220;Appropriating Buildings to House Refugees: Berlin Tempelhof.&#8221; <em>Forced Migration Review<\/em>, no. 55 (June): 35\u201336. Accessed via <a href=\"https:\/\/search-ebscohost-com.ezproxy.uvm.edu\/login.aspx?direct=true&amp;AuthType=ip,url&amp;db=aph&amp;AN=123832572&amp;site=ehost-live&amp;scope=site\">https:\/\/search-ebscohost-com.ezproxy.uvm.edu\/login.aspx?direct=true&amp;AuthType=ip,url&amp;db=aph&amp;AN=123832572&amp;site=ehost-live&amp;scope=site<\/a>.<\/p>\n\n\n\n<p>Perry, Deborah L. <em>What Makes Learning Fun?: Principles for the Design of Intrinsically Motivating Museum Exhibits<\/em>. Lanham: Altamira, 2012.<\/p>\n\n\n\n<p>Purves, Ross S., and Flurina M. Wartmann. 2023. \u201cCharacterising and Mapping Potential and Experienced Tranquillity: From a State of Mind to a Cultural Ecosystem Service.\u201d <em>Geography Compass<\/em> 17, no. 11 (2023): 1\u201315. doi:10.1111\/gec3.12726.<\/p>\n\n\n\n<p>Rosol, Marit. &#8220;Community Volunteering as Neoliberal Strategy? Green Space Production in Berlin.&#8221; <em>Antipode<\/em> 44, no. 1 (2012): 239\u2013257. doi:10.1111\/j.1467-8330.2011.00861.x.<\/p>\n\n\n\n<p>Rosol, Marit. &#8220;Public Participation in Post-Fordist Urban Green Space Governance: The Case of Community Gardens in Berlin.&#8221; <em>International Journal of Urban &amp; Regional Research<\/em> 34, no. 3 (2010): 548\u2013563. doi:10.1111\/j.1468-2427.2010.00968.x.<\/p>\n\n\n\n<p>Senatsverwaltung f\u00fcr Stadtentwicklung und Umwelt. <em>Freiraum f\u00fcr die Stadt von Morgen<\/em>. Tempelhofer Freiheit. 2013. <a href=\"https:\/\/use.metropolis.org\/system\/images\/1038\/original\/tempelhofer_freiheit.pdf\">https:\/\/use.metropolis.org\/system\/images\/1038\/original\/tempelhofer_freiheit.pdf<\/a><\/p>\n\n\n\n<p>Starzmann, Maria Theresia. 2014. \u201cExcavating Tempelhof Airfield: Objects of Memory and the Politics of Absence.\u201d <em>Rethinking History<\/em> 18, no. 2 (2014): 211\u2013229. doi:10.1080\/13642529.2013.858453.<\/p>\n\n\n\n<p>Stephan, Felix. \u201cTempelhofer Feld: Entfaltung Auf Dem Rollfeld.\u201d <em>Zeit Online<\/em>, September 10, 2012. <a href=\"https:\/\/www.zeit.de\/lebensart\/2012-09\/lust-auf-stadt-tempelhofer-feld\">https:\/\/www.zeit.de\/lebensart\/2012-09\/lust-auf-stadt-tempelhofer-feld<\/a>.<\/p>\n\n\n\n<p>Sturzaker, John, and Ian Mell. Green belts: Past, present, future? London: Routledge, 2018.\u00a0<\/p>\n\n\n\n<p>Urry, John, <em>Mobilities<\/em>. Polity Press<em>,<\/em> 2007.<\/p>\n\n\n\n<p>Velevska, M., Velevski, S., and Marina, O. 2014. &#8220;Urban Voids: A Creative Strategy and Spatial Challenge for the Cities in Transition.&#8221; In <em>Papers from the 9th Annual Conference on European Integration: The Europe of Tomorrow: Creative, Digital, Integrated<\/em>, 193\u2013216.<\/p>\n\n\n\n<p>\u201cWarum Jetzt Beim Tempelhofer Feld Eine Neue Abstimmung Zur Debatte Steht.\u201d <em>RBB24<\/em>, March 6, 2023. <a href=\"https:\/\/www.rbb24.de\/panorama\/beitrag\/2023\/03\/berlin-tempelhofer-feld-bebauung-randbebauung-volksentscheid.html\">https:\/\/www.rbb24.de\/panorama\/beitrag\/2023\/03\/berlin-tempelhofer-feld-bebauung-randbebauung-volksentscheid.html<\/a>.<\/p>\n","protected":false},"excerpt":{"rendered":"<p>The exhibition portion of this project was a collaborative creative process and many components were co-created with multiple contributors. Interview participants, contributing team members, and a full list of research references can be found here. Interview Participants Kristin Hensel leads Communications and Publicity for Allmende-Kontor e.V. She lives in Berlin and visits Tempelhof Field frequently [&hellip;]<\/p>\n","protected":false},"author":9380,"featured_media":0,"parent":0,"menu_order":0,"comment_status":"closed","ping_status":"closed","template":"","meta":{"footnotes":""},"class_list":["post-54","page","type-page","status-publish","hentry"],"featured_image_src":null,"featured_image_src_square":null,"_links":{"self":[{"href":"https:\/\/site.uvm.edu\/dasFeld\/index.php?rest_route=\/wp\/v2\/pages\/54","targetHints":{"allow":["GET"]}}],"collection":[{"href":"https:\/\/site.uvm.edu\/dasFeld\/index.php?rest_route=\/wp\/v2\/pages"}],"about":[{"href":"https:\/\/site.uvm.edu\/dasFeld\/index.php?rest_route=\/wp\/v2\/types\/page"}],"author":[{"embeddable":true,"href":"https:\/\/site.uvm.edu\/dasFeld\/index.php?rest_route=\/wp\/v2\/users\/9380"}],"replies":[{"embeddable":true,"href":"https:\/\/site.uvm.edu\/dasFeld\/index.php?rest_route=%2Fwp%2Fv2%2Fcomments&post=54"}],"version-history":[{"count":13,"href":"https:\/\/site.uvm.edu\/dasFeld\/index.php?rest_route=\/wp\/v2\/pages\/54\/revisions"}],"predecessor-version":[{"id":1039,"href":"https:\/\/site.uvm.edu\/dasFeld\/index.php?rest_route=\/wp\/v2\/pages\/54\/revisions\/1039"}],"wp:attachment":[{"href":"https:\/\/site.uvm.edu\/dasFeld\/index.php?rest_route=%2Fwp%2Fv2%2Fmedia&parent=54"}],"curies":[{"name":"wp","href":"https:\/\/api.w.org\/{rel}","templated":true}]}}